{"id":2,"date":"2024-11-29T18:00:40","date_gmt":"2024-11-29T17:00:40","guid":{"rendered":"https:\/\/vapingcompany.it\/to-tripoli\/?page_id=2"},"modified":"2025-09-23T09:54:56","modified_gmt":"2025-09-23T07:54:56","slug":"pagina-di-esempio","status":"publish","type":"page","link":"https:\/\/vapingcompany.it\/to-tripoli\/","title":{"rendered":"Home page"},"content":{"rendered":"\t\t<div data-elementor-type=\"wp-page\" data-elementor-id=\"2\" class=\"elementor elementor-2\" data-elementor-post-type=\"page\">\n\t\t\t\t<div class=\"elementor-element elementor-element-55b9ef8b e-flex e-con-boxed e-con e-parent\" data-id=\"55b9ef8b\" data-element_type=\"container\">\n\t\t\t\t\t<div class=\"e-con-inner\">\n\t\t\t\t<div class=\"elementor-element elementor-element-11f419f7 elementor-widget elementor-widget-text-editor\" data-id=\"11f419f7\" data-element_type=\"widget\" data-widget_type=\"text-editor.default\">\n\t\t\t\t<div class=\"elementor-widget-container\">\n\t\t\t\t\t\t\t<!-- wp:paragraph -->\n<p><\/p>\n<!-- \/wp:paragraph -->\n\n<!-- wp:paragraph -->\n<p><\/p>\n<!-- \/wp:paragraph -->\t\t\t\t\t\t<\/div>\n\t\t\t\t<\/div>\n\t\t\t\t\t<\/div>\n\t\t\t\t<\/div>\n\t\t<div class=\"elementor-element elementor-element-36d23ac ppx-5 my-100 e-flex e-con-boxed e-con e-parent\" data-id=\"36d23ac\" data-element_type=\"container\">\n\t\t\t\t\t<div class=\"e-con-inner\">\n\t\t\t\t<div class=\"elementor-element elementor-element-b62f224 fs-20 black lh-116 fw-800 mb-20 elementor-widget elementor-widget-heading\" data-id=\"b62f224\" data-element_type=\"widget\" data-widget_type=\"heading.default\">\n\t\t\t\t<div class=\"elementor-widget-container\">\n\t\t\t<span class=\"elementor-heading-title elementor-size-default\">Chi siamo<\/span>\t\t<\/div>\n\t\t\t\t<\/div>\n\t\t\t\t<div class=\"elementor-element elementor-element-880b801 black fs-16 lh-175 elementor-widget elementor-widget-text-editor\" data-id=\"880b801\" data-element_type=\"widget\" data-widget_type=\"text-editor.default\">\n\t\t\t\t<div class=\"elementor-widget-container\">\n\t\t\t\t\t\t\t<p>Mi chiamo Gabbo, e s\u00ec, lo ammetto: sono \u201cvecchio\u201d ma con un\u2019anima giovane che non ha intenzione di invecchiare davvero! Il mio percorso nel mondo delle sigarette elettroniche \u00e8 iniziato circa quattro anni fa, in un momento in cui, un po\u2019 per nostalgia, un po\u2019 per impulso, mi era tornata la voglia di fumare. Non volevo per\u00f2 ricadere nelle vecchie abitudini, cos\u00ec ho iniziato a informarmi sulle alternative e mi sono imbattuto nel mondo della sigaretta elettronica. \u00c8 stato amore a prima svapata. Ricordo ancora il mio primo ingresso nel negozio di via Nizza, dove mi accolse Stefano. Tra noi ci fu subito una bella intesa, fatta di chiacchiere, consigli e tanta simpatia. Da l\u00ec, non ho pi\u00f9 smesso di approfondire questo mondo affascinante.<br \/><strong>Quello che mi ha colpito sin da subito \u00e8 che si tratta di un settore in continua evoluzione<\/strong>, giovane, dinamico e ricco di novit\u00e0. Dopo oltre vent\u2019anni di esperienza nella vendita, ho sentito il bisogno di mettermi in gioco in prima persona, di trasformare la mia passione in un progetto concreto. Cos\u00ec \u00e8 nato il mio negozio. Volevo uno spazio tutto mio, dove poter trasmettere entusiasmo, conoscenza e soprattutto creare un rapporto autentico con le persone. Aprire lo store \u00e8 stato anche un modo per responsabilizzarmi, per crescere, per affrontare una nuova sfida. Forse s\u00ec, \u00e8 proprio questa la vera vecchiaia: quando inizi a fare le cose seriamente\u2026 ma con il sorriso.<br \/>Il mio negozio si trova in una posizione particolare di Torino, a cavallo tra due quartieri: Santa Rita e Crocetta. Non \u00e8 grandissimo, ma \u00e8 strutturato in modo da offrire il massimo con lo spazio disponibile. L\u2019esposizione \u00e8 curata e ordinata: ho scelto di puntare su un\u2019ampia selezione di liquidi, affiancata da una scelta pi\u00f9 contenuta ma di qualit\u00e0 per quanto riguarda l\u2019hardware. Questo fa s\u00ec che molti vedano il mio punto vendita come una vera e propria boutique del vaping, dove trovare qualcosa di diverso dal solito.<br \/>Se dovessi dire qual \u00e8 il vero punto di forza del negozio\u2026 beh, sarei tentato di rispondere: io! Ma dai, cerchiamo di essere umili. In realt\u00e0 credo che la forza stia nella selezione dei liquidi, spesso con marchi particolari, difficili da trovare altrove. Questo genera un passaparola fortissimo: c\u2019\u00e8 chi viene apposta per cercare proprio \u201cquel\u201d liquido che solo qui riesce a trovare.<br \/>Quello che mi guida ogni giorno \u00e8 l\u2019empatia e la simpatia. Due elementi fondamentali in questo lavoro. Cerco sempre di capire chi ho davanti, di ascoltare, di consigliare senza forzature. <strong>Voglio che ogni cliente si senta accolto, a proprio agio, come a casa.<\/strong> Lo dico spesso: \u201cIo non sono il vostro negoziante, sono l\u2019amico che ha un negozio di sigarette elettroniche.\u201d Ed \u00e8 proprio questa idea che, col tempo, costruisce fiducia e affezione vera.<\/p>\t\t\t\t\t\t<\/div>\n\t\t\t\t<\/div>\n\t\t\t\t\t<\/div>\n\t\t\t\t<\/div>\n\t\t\t\t<\/div>\n\t\t","protected":false},"excerpt":{"rendered":"<p>Chi siamo Mi chiamo Gabbo, e s\u00ec, lo ammetto: sono \u201cvecchio\u201d ma con un\u2019anima giovane che non ha intenzione di invecchiare davvero! Il mio percorso nel mondo delle sigarette elettroniche \u00e8 iniziato circa quattro anni fa, in un momento in cui, un po\u2019 per nostalgia, un po\u2019 per impulso, mi era tornata la voglia di [&hellip;]<\/p>\n","protected":false},"author":1,"featured_media":0,"parent":0,"menu_order":0,"comment_status":"closed","ping_status":"open","template":"","meta":{"_acf_changed":false,"inline_featured_image":false,"footnotes":""},"class_list":["post-2","page","type-page","status-publish","hentry"],"acf":[],"_links":{"self":[{"href":"https:\/\/vapingcompany.it\/to-tripoli\/wp-json\/wp\/v2\/pages\/2","targetHints":{"allow":["GET"]}}],"collection":[{"href":"https:\/\/vapingcompany.it\/to-tripoli\/wp-json\/wp\/v2\/pages"}],"about":[{"href":"https:\/\/vapingcompany.it\/to-tripoli\/wp-json\/wp\/v2\/types\/page"}],"author":[{"embeddable":true,"href":"https:\/\/vapingcompany.it\/to-tripoli\/wp-json\/wp\/v2\/users\/1"}],"replies":[{"embeddable":true,"href":"https:\/\/vapingcompany.it\/to-tripoli\/wp-json\/wp\/v2\/comments?post=2"}],"version-history":[{"count":7,"href":"https:\/\/vapingcompany.it\/to-tripoli\/wp-json\/wp\/v2\/pages\/2\/revisions"}],"predecessor-version":[{"id":37,"href":"https:\/\/vapingcompany.it\/to-tripoli\/wp-json\/wp\/v2\/pages\/2\/revisions\/37"}],"wp:attachment":[{"href":"https:\/\/vapingcompany.it\/to-tripoli\/wp-json\/wp\/v2\/media?parent=2"}],"curies":[{"name":"wp","href":"https:\/\/api.w.org\/{rel}","templated":true}]}}