{"id":2,"date":"2024-11-04T12:27:31","date_gmt":"2024-11-04T11:27:31","guid":{"rendered":"http:\/\/thevanpingcompany.local\/settimo-tse\/?page_id=2"},"modified":"2025-05-27T09:29:58","modified_gmt":"2025-05-27T07:29:58","slug":"pagina-di-esempio","status":"publish","type":"page","link":"https:\/\/vapingcompany.it\/settimo-tse\/","title":{"rendered":"Home page"},"content":{"rendered":"\t\t<div data-elementor-type=\"wp-page\" data-elementor-id=\"2\" class=\"elementor elementor-2\" data-elementor-post-type=\"page\">\n\t\t\t\t<div class=\"elementor-element elementor-element-6abc9221 ppx-5 my-100 e-flex e-con-boxed e-con e-parent\" data-id=\"6abc9221\" data-element_type=\"container\">\n\t\t\t\t\t<div class=\"e-con-inner\">\n\t\t\t\t<div class=\"elementor-element elementor-element-57042be2 fs-20 black lh-116 fw-800 mb-20 elementor-widget elementor-widget-heading\" data-id=\"57042be2\" data-element_type=\"widget\" data-widget_type=\"heading.default\">\n\t\t\t\t<div class=\"elementor-widget-container\">\n\t\t\t<span class=\"elementor-heading-title elementor-size-default\">Chi siamo<\/span>\t\t<\/div>\n\t\t\t\t<\/div>\n\t\t\t\t<div class=\"elementor-element elementor-element-578d81c1 black fs-16 lh-175 elementor-widget elementor-widget-text-editor\" data-id=\"578d81c1\" data-element_type=\"widget\" data-widget_type=\"text-editor.default\">\n\t\t\t\t<div class=\"elementor-widget-container\">\n\t\t\t\t\t\t\t<p>Mi chiamo Andrea, classe \u201997, e sono il responsabile del punto vendita <strong>Vaping Company Settimo Torinese<\/strong>. Il negozio, aperto nel 2016, si trova in piazza Campidoglio, ed ha qualcosa che lo rende davvero unico: \u00e8 una struttura esagonale in acciaio e vetro temperato, completamente illuminata anche di notte. Qualcuno una volta mi ha detto che sembra uno di quei negozi californiani, e forse \u00e8 vero: sicuramente non passa inosservato!<\/p><p>La mia passione per il mondo dello svapo \u00e8 iniziata molto presto. Da ragazzo, ero arrivato a fumare un pacchetto di sigarette al giorno. Non ho mai avuto la reale intenzione di smettere di fumare, ma cercavo un modo per farlo in modo pi\u00f9 consapevole, meno dannoso. La prima sigaretta elettronica l\u2019ho provata nel 2010, grazie alla mamma di una mia amica: \u00e8 stata una vera rivelazione, sembrava un oggetto futuristico. Da l\u00ec \u00e8 iniziato il mio percorso, completamente da autodidatta: all\u2019epoca non esistevano negozi o persone competenti in grado di spiegarti davvero come funzionasse questo mondo.<\/p><p>Col tempo, questa curiosit\u00e0 si \u00e8 trasformata in passione e poi in un vero lavoro. Ho avuto la fortuna di entrare a far parte di Vaping Company, una realt\u00e0 seria, che mi ha permesso di crescere e di imparare tantissimo. Quando \u00e8 arrivato il momento, ho deciso di mettermi in gioco in prima persona, aprendo il mio punto vendita. La cosa che mi d\u00e0 pi\u00f9 soddisfazione ogni giorno \u00e8 poter <strong>seguire chi entra in negozio<\/strong>, consigliarlo con sincerit\u00e0, aiutarlo a fare scelte consapevoli. In fondo, anni fa avrei voluto anch\u2019io trovare qualcuno cos\u00ec.<br \/>Il mio obiettivo \u00e8 quello di creare un rapporto basato su <strong>fiducia ed empatia<\/strong>. Vorrei che chi entrasse nel mio negozio si sentisse accolto, ascoltato, capito. Dal ragazzo appena maggiorenne alla persona pi\u00f9 adulta che cerca un\u2019alternativa al fumo tradizionale: per tutti cerco di trovare la soluzione giusta.<br \/>Nel mio negozio puoi trovare <strong>sigarette elettroniche, pod mod, liquidi pronti e da miscelare, aromi, basi, accessori, coil e ricambi<\/strong>. Cerco di tenere un assortimento sempre aggiornato e completo, adatto sia a chi si avvicina per la prima volta a questo mondo sia agli appassionati pi\u00f9 esperti.<br \/>Oggi posso dire che questo lavoro \u00e8 parte di me. Ogni cliente che riesce a dire &#8220;ho smesso di fumare grazie a te&#8221; \u00e8 una vittoria, ed \u00e8 il motivo per cui continuer\u00f2 a metterci il cuore, ogni singolo giorno.<br \/>Ti aspetto da <strong>Vaping Company Settimo Torinese<\/strong>, anche solo per fare due chiacchiere e capire insieme qual \u00e8 il miglior modo per iniziare (o continuare) il tuo percorso nello svapo.<\/p>\t\t\t\t\t\t<\/div>\n\t\t\t\t<\/div>\n\t\t\t\t\t<\/div>\n\t\t\t\t<\/div>\n\t\t\t\t<\/div>\n\t\t","protected":false},"excerpt":{"rendered":"<p>Chi siamo Mi chiamo Andrea, classe \u201997, e sono il responsabile del punto vendita Vaping Company Settimo Torinese. Il negozio, aperto nel 2016, si trova in piazza Campidoglio, ed ha qualcosa che lo rende davvero unico: \u00e8 una struttura esagonale in acciaio e vetro temperato, completamente illuminata anche di notte. Qualcuno una volta mi ha [&hellip;]<\/p>\n","protected":false},"author":1,"featured_media":0,"parent":0,"menu_order":0,"comment_status":"closed","ping_status":"open","template":"","meta":{"_acf_changed":false,"inline_featured_image":false,"footnotes":""},"class_list":["post-2","page","type-page","status-publish","hentry"],"acf":[],"_links":{"self":[{"href":"https:\/\/vapingcompany.it\/settimo-tse\/wp-json\/wp\/v2\/pages\/2","targetHints":{"allow":["GET"]}}],"collection":[{"href":"https:\/\/vapingcompany.it\/settimo-tse\/wp-json\/wp\/v2\/pages"}],"about":[{"href":"https:\/\/vapingcompany.it\/settimo-tse\/wp-json\/wp\/v2\/types\/page"}],"author":[{"embeddable":true,"href":"https:\/\/vapingcompany.it\/settimo-tse\/wp-json\/wp\/v2\/users\/1"}],"replies":[{"embeddable":true,"href":"https:\/\/vapingcompany.it\/settimo-tse\/wp-json\/wp\/v2\/comments?post=2"}],"version-history":[{"count":19,"href":"https:\/\/vapingcompany.it\/settimo-tse\/wp-json\/wp\/v2\/pages\/2\/revisions"}],"predecessor-version":[{"id":67,"href":"https:\/\/vapingcompany.it\/settimo-tse\/wp-json\/wp\/v2\/pages\/2\/revisions\/67"}],"wp:attachment":[{"href":"https:\/\/vapingcompany.it\/settimo-tse\/wp-json\/wp\/v2\/media?parent=2"}],"curies":[{"name":"wp","href":"https:\/\/api.w.org\/{rel}","templated":true}]}}