{"id":2,"date":"2024-11-29T18:51:46","date_gmt":"2024-11-29T17:51:46","guid":{"rendered":"https:\/\/vapingcompany.it\/mi-opera\/?page_id=2"},"modified":"2025-12-10T11:25:54","modified_gmt":"2025-12-10T10:25:54","slug":"pagina-di-esempio","status":"publish","type":"page","link":"https:\/\/vapingcompany.it\/mi-opera\/","title":{"rendered":"Home page"},"content":{"rendered":"\t\t<div data-elementor-type=\"wp-page\" data-elementor-id=\"2\" class=\"elementor elementor-2\" data-elementor-post-type=\"page\">\n\t\t\t\t<div class=\"elementor-element elementor-element-1d55b87 ppx-5 my-100 e-flex e-con-boxed e-con e-parent\" data-id=\"1d55b87\" data-element_type=\"container\">\n\t\t\t\t\t<div class=\"e-con-inner\">\n\t\t\t\t<div class=\"elementor-element elementor-element-414f524 fs-20 black lh-116 fw-800 mb-20 elementor-widget elementor-widget-heading\" data-id=\"414f524\" data-element_type=\"widget\" data-widget_type=\"heading.default\">\n\t\t\t\t<div class=\"elementor-widget-container\">\n\t\t\t<span class=\"elementor-heading-title elementor-size-default\">Chi siamo<\/span>\t\t<\/div>\n\t\t\t\t<\/div>\n\t\t\t\t<div class=\"elementor-element elementor-element-96c7fd9 black fs-16 lh-175 elementor-widget elementor-widget-text-editor\" data-id=\"96c7fd9\" data-element_type=\"widget\" data-widget_type=\"text-editor.default\">\n\t\t\t\t<div class=\"elementor-widget-container\">\n\t\t\t\t\t\t\t<p>Benvenuto nel\u00a0 <strong>negozio di sigarette elettroniche di Opera<\/strong> che offre molto pi\u00f9 di semplici acquisti: \u00e8 un&#8217;esperienza a 360\u00b0. Qui troverai una vasta scelta di liquidi per ogni gusto, dai fruttati e dolci ai tabaccosi pi\u00f9 intensi. Gli scaffali sono ricchi di novit\u00e0 e prodotti di qualit\u00e0, con dispositivi adatti sia a principianti che a vapers esperti. Il nostro team, sempre disponibile e preparato, \u00e8 pronto a guidarti nella scelta del prodotto ideale per te. Che tu sia alle prime armi o un vaper esperto, siamo qui per te. Vieni a trovarci e scopri il meglio del vaping a Opera!<\/p>\t\t\t\t\t\t<\/div>\n\t\t\t\t<\/div>\n\t\t\t\t\t<\/div>\n\t\t\t\t<\/div>\n\t\t\t\t<\/div>\n\t\t","protected":false},"excerpt":{"rendered":"<p>Chi siamo Benvenuto nel\u00a0 negozio di sigarette elettroniche di Opera che offre molto pi\u00f9 di semplici acquisti: \u00e8 un&#8217;esperienza a 360\u00b0. Qui troverai una vasta scelta di liquidi per ogni gusto, dai fruttati e dolci ai tabaccosi pi\u00f9 intensi. Gli scaffali sono ricchi di novit\u00e0 e prodotti di qualit\u00e0, con dispositivi adatti sia a principianti [&hellip;]<\/p>\n","protected":false},"author":1,"featured_media":0,"parent":0,"menu_order":0,"comment_status":"closed","ping_status":"open","template":"","meta":{"_acf_changed":false,"inline_featured_image":false,"footnotes":""},"class_list":["post-2","page","type-page","status-publish","hentry"],"acf":[],"_links":{"self":[{"href":"https:\/\/vapingcompany.it\/mi-opera\/wp-json\/wp\/v2\/pages\/2","targetHints":{"allow":["GET"]}}],"collection":[{"href":"https:\/\/vapingcompany.it\/mi-opera\/wp-json\/wp\/v2\/pages"}],"about":[{"href":"https:\/\/vapingcompany.it\/mi-opera\/wp-json\/wp\/v2\/types\/page"}],"author":[{"embeddable":true,"href":"https:\/\/vapingcompany.it\/mi-opera\/wp-json\/wp\/v2\/users\/1"}],"replies":[{"embeddable":true,"href":"https:\/\/vapingcompany.it\/mi-opera\/wp-json\/wp\/v2\/comments?post=2"}],"version-history":[{"count":7,"href":"https:\/\/vapingcompany.it\/mi-opera\/wp-json\/wp\/v2\/pages\/2\/revisions"}],"predecessor-version":[{"id":40,"href":"https:\/\/vapingcompany.it\/mi-opera\/wp-json\/wp\/v2\/pages\/2\/revisions\/40"}],"wp:attachment":[{"href":"https:\/\/vapingcompany.it\/mi-opera\/wp-json\/wp\/v2\/media?parent=2"}],"curies":[{"name":"wp","href":"https:\/\/api.w.org\/{rel}","templated":true}]}}