{"id":2,"date":"2025-01-08T16:41:14","date_gmt":"2025-01-08T15:41:14","guid":{"rendered":"https:\/\/vapingcompany.it\/mi-bellinzago-lombardo\/?page_id=2"},"modified":"2025-12-10T11:29:11","modified_gmt":"2025-12-10T10:29:11","slug":"home-page","status":"publish","type":"page","link":"https:\/\/vapingcompany.it\/mi-bellinzago-lombardo\/","title":{"rendered":"Home page"},"content":{"rendered":"\t\t<div data-elementor-type=\"wp-page\" data-elementor-id=\"2\" class=\"elementor elementor-2\" data-elementor-post-type=\"page\">\n\t\t\t\t<div class=\"elementor-element elementor-element-a97d2e2 ppx-5 my-100 e-flex e-con-boxed e-con e-parent\" data-id=\"a97d2e2\" data-element_type=\"container\">\n\t\t\t\t\t<div class=\"e-con-inner\">\n\t\t\t\t<div class=\"elementor-element elementor-element-1f4253f fs-20 black lh-116 fw-800 mb-20 elementor-widget elementor-widget-heading\" data-id=\"1f4253f\" data-element_type=\"widget\" data-widget_type=\"heading.default\">\n\t\t\t\t<div class=\"elementor-widget-container\">\n\t\t\t<span class=\"elementor-heading-title elementor-size-default\">Chi siamo<\/span>\t\t<\/div>\n\t\t\t\t<\/div>\n\t\t\t\t<div class=\"elementor-element elementor-element-84fd126 black fs-16 lh-175 elementor-widget elementor-widget-text-editor\" data-id=\"84fd126\" data-element_type=\"widget\" data-widget_type=\"text-editor.default\">\n\t\t\t\t<div class=\"elementor-widget-container\">\n\t\t\t\t\t\t\t<p>Mi trovi all\u2019interno del rinomato centro commerciale <strong>La Corte Lombarda, in Strada Padana Superiore 154<\/strong>. Il mio negozio \u00e8 diventato ormai una tappa obbligata per tutti gli appassionati e i curiosi del mondo del vaping. La posizione strategica del centro commerciale lo rende facilmente raggiungibile non solo da <strong>Bellinzago Lombardo<\/strong>, ma anche dalle zone vicine come Gessate, Inzago, Melzo e oltre. La vicinanza alla stazione della metropolitana MM2 di Gessate e i collegamenti con numerose linee autobus lo rendono comodo da tutta l\u2019area est della provincia di Milano.<br \/>La Corte Lombarda, con oltre 140 negozi, \u00e8 uno dei centri commerciali pi\u00f9 frequentati e apprezzati della zona. In questo contesto vivace e moderno, ho voluto creare un punto vendita che si distingua per professionalit\u00e0, qualit\u00e0 e attenzione verso ogni cliente.<br \/>Nel mio negozio, <strong>Antica Svaperia x The Vaping Company<\/strong>, troverai un assortimento completo e sempre aggiornato: <strong>sigarette elettroniche per ogni livello di esperienza, dalle pod compatte ideali per chi si avvicina per la prima volta al vaping, fino ai dispositivi pi\u00f9 performanti per i vapers pi\u00f9 esperti<\/strong>. La selezione di liquidi \u00e8 davvero ampia: aromi tabaccosi, fruttati, cremosi, mentolati \u2014 tutti scelti tra i migliori produttori italiani e internazionali. E <strong>naturalmente non mancano basi neutre, booster di nicotina e mix&amp;vape<\/strong>, per permetterti di personalizzare al massimo la tua esperienza.<br \/>A completare l\u2019offerta, troverai un\u2019ampia gamma di accessori: <strong>coil, pod di ricambio, batterie, drip tip, custodie, caricatori e strumenti per rigenerare<\/strong>. Ogni articolo \u00e8 scelto con cura per garantire qualit\u00e0, affidabilit\u00e0 e sicurezza.<br \/>Ma ci\u00f2 che per me fa davvero la differenza \u00e8 il mio team. Sono <strong>affiancato da persone appassionate, preparate, sempre pronte ad ascoltarti e consigliarti nel modo migliore<\/strong>. Siamo costantemente aggiornati sulle novit\u00e0 del settore e in grado di offrirti consulenze mirate, sia che tu stia cercando il tuo primo dispositivo sia che tu voglia approfondire aspetti pi\u00f9 tecnici.<br \/>All\u2019Antica Svaperia x The Vaping Company non ti offro semplicemente dei prodotti, ma un\u2019esperienza costruita su misura, in un ambiente accogliente e professionale.<br \/>Ti aspetto nel mio <strong>negozio di sigarette elettroniche a Bellinzago Lombardo<\/strong>, nel centro commerciale La Corte Lombarda, per accompagnarti con passione e seriet\u00e0 nel tuo percorso nel mondo del vaping.<\/p>\t\t\t\t\t\t<\/div>\n\t\t\t\t<\/div>\n\t\t\t\t\t<\/div>\n\t\t\t\t<\/div>\n\t\t\t\t<\/div>\n\t\t","protected":false},"excerpt":{"rendered":"<p>Chi siamo Mi trovi all\u2019interno del rinomato centro commerciale La Corte Lombarda, in Strada Padana Superiore 154. Il mio negozio \u00e8 diventato ormai una tappa obbligata per tutti gli appassionati e i curiosi del mondo del vaping. La posizione strategica del centro commerciale lo rende facilmente raggiungibile non solo da Bellinzago Lombardo, ma anche dalle [&hellip;]<\/p>\n","protected":false},"author":1,"featured_media":0,"parent":0,"menu_order":0,"comment_status":"closed","ping_status":"closed","template":"","meta":{"_acf_changed":false,"inline_featured_image":false,"footnotes":""},"class_list":["post-2","page","type-page","status-publish","hentry"],"acf":[],"_links":{"self":[{"href":"https:\/\/vapingcompany.it\/mi-bellinzago-lombardo\/wp-json\/wp\/v2\/pages\/2","targetHints":{"allow":["GET"]}}],"collection":[{"href":"https:\/\/vapingcompany.it\/mi-bellinzago-lombardo\/wp-json\/wp\/v2\/pages"}],"about":[{"href":"https:\/\/vapingcompany.it\/mi-bellinzago-lombardo\/wp-json\/wp\/v2\/types\/page"}],"author":[{"embeddable":true,"href":"https:\/\/vapingcompany.it\/mi-bellinzago-lombardo\/wp-json\/wp\/v2\/users\/1"}],"replies":[{"embeddable":true,"href":"https:\/\/vapingcompany.it\/mi-bellinzago-lombardo\/wp-json\/wp\/v2\/comments?post=2"}],"version-history":[{"count":13,"href":"https:\/\/vapingcompany.it\/mi-bellinzago-lombardo\/wp-json\/wp\/v2\/pages\/2\/revisions"}],"predecessor-version":[{"id":46,"href":"https:\/\/vapingcompany.it\/mi-bellinzago-lombardo\/wp-json\/wp\/v2\/pages\/2\/revisions\/46"}],"wp:attachment":[{"href":"https:\/\/vapingcompany.it\/mi-bellinzago-lombardo\/wp-json\/wp\/v2\/media?parent=2"}],"curies":[{"name":"wp","href":"https:\/\/api.w.org\/{rel}","templated":true}]}}