{"id":2,"date":"2025-01-08T12:00:45","date_gmt":"2025-01-08T11:00:45","guid":{"rendered":"https:\/\/vapingcompany.it\/mi-abruzzi\/?page_id=2"},"modified":"2025-08-22T15:02:44","modified_gmt":"2025-08-22T13:02:44","slug":"home-page","status":"publish","type":"page","link":"https:\/\/vapingcompany.it\/mi-abruzzi\/","title":{"rendered":"Home page"},"content":{"rendered":"\t\t<div data-elementor-type=\"wp-page\" data-elementor-id=\"2\" class=\"elementor elementor-2\" data-elementor-post-type=\"page\">\n\t\t\t\t<div class=\"elementor-element elementor-element-09d4aac ppx-5 my-100 e-flex e-con-boxed e-con e-parent\" data-id=\"09d4aac\" data-element_type=\"container\">\n\t\t\t\t\t<div class=\"e-con-inner\">\n\t\t\t\t<div class=\"elementor-element elementor-element-5b41513 fs-20 black lh-116 fw-800 mb-20 elementor-widget elementor-widget-heading\" data-id=\"5b41513\" data-element_type=\"widget\" data-widget_type=\"heading.default\">\n\t\t\t\t<div class=\"elementor-widget-container\">\n\t\t\t<span class=\"elementor-heading-title elementor-size-default\">Chi siamo<\/span>\t\t<\/div>\n\t\t\t\t<\/div>\n\t\t\t\t<div class=\"elementor-element elementor-element-dc4ecd1 black fs-16 lh-175 elementor-widget elementor-widget-text-editor\" data-id=\"dc4ecd1\" data-element_type=\"widget\" data-widget_type=\"text-editor.default\">\n\t\t\t\t<div class=\"elementor-widget-container\">\n\t\t\t\t\t\t\t<p data-start=\"263\" data-end=\"568\">Ti aspettiamo nel nuovo store <strong data-start=\"293\" data-end=\"315\">The Vaping Company<\/strong> in <strong data-start=\"319\" data-end=\"347\">Viale Abruzzi 64, Milano<\/strong>.<br data-start=\"348\" data-end=\"351\">\nSiamo in una zona centrale e ben servita: puoi arrivare facilmente con la metropolitana (fermate Loreto e Piola), con diverse linee di tram e autobus, oppure in auto grazie ai parcheggi disponibili nelle vie vicine.<\/p><p data-start=\"570\" data-end=\"887\">In negozio trovi un <strong data-start=\"590\" data-end=\"640\">assortimento completo di prodotti per lo svapo<\/strong>: dalle sigarette elettroniche di ultima generazione agli accessori, fino a un\u2019ampia scelta di e-liquid dei marchi pi\u00f9 conosciuti. Che tu sia alle prime esperienze o stia cercando qualcosa di pi\u00f9 avanzato, troverai sempre ci\u00f2 che fa al caso tuo.<\/p><p data-start=\"889\" data-end=\"1138\">A darti il benvenuto c\u2019\u00e8 <strong data-start=\"914\" data-end=\"922\">Paul<\/strong>, responsabile dello store, insieme al suo team. Qui puoi contare su persone preparate e disponibili, pronte ad aiutarti a scegliere i prodotti pi\u00f9 adatti e a rispondere alle tue domande con competenza e chiarezza.<\/p><p>\n\n\n<\/p><p data-start=\"1140\" data-end=\"1388\">Il negozio di Viale Abruzzi \u00e8 pensato per offrirti uno spazio comodo, accessibile e sempre aggiornato sulle novit\u00e0 del settore. Passa a trovarci: troverai non solo prodotti, ma anche qualcuno che ti segue con attenzione e ti d\u00e0 i giusti consigli.<\/p>\t\t\t\t\t\t<\/div>\n\t\t\t\t<\/div>\n\t\t\t\t\t<\/div>\n\t\t\t\t<\/div>\n\t\t\t\t<\/div>\n\t\t","protected":false},"excerpt":{"rendered":"<p>Chi siamo Ti aspettiamo nel nuovo store The Vaping Company in Viale Abruzzi 64, Milano. Siamo in una zona centrale e ben servita: puoi arrivare facilmente con la metropolitana (fermate Loreto e Piola), con diverse linee di tram e autobus, oppure in auto grazie ai parcheggi disponibili nelle vie vicine. In negozio trovi un assortimento [&hellip;]<\/p>\n","protected":false},"author":1,"featured_media":0,"parent":0,"menu_order":0,"comment_status":"closed","ping_status":"closed","template":"","meta":{"_acf_changed":false,"inline_featured_image":false,"footnotes":""},"class_list":["post-2","page","type-page","status-publish","hentry"],"acf":[],"_links":{"self":[{"href":"https:\/\/vapingcompany.it\/mi-abruzzi\/wp-json\/wp\/v2\/pages\/2","targetHints":{"allow":["GET"]}}],"collection":[{"href":"https:\/\/vapingcompany.it\/mi-abruzzi\/wp-json\/wp\/v2\/pages"}],"about":[{"href":"https:\/\/vapingcompany.it\/mi-abruzzi\/wp-json\/wp\/v2\/types\/page"}],"author":[{"embeddable":true,"href":"https:\/\/vapingcompany.it\/mi-abruzzi\/wp-json\/wp\/v2\/users\/1"}],"replies":[{"embeddable":true,"href":"https:\/\/vapingcompany.it\/mi-abruzzi\/wp-json\/wp\/v2\/comments?post=2"}],"version-history":[{"count":31,"href":"https:\/\/vapingcompany.it\/mi-abruzzi\/wp-json\/wp\/v2\/pages\/2\/revisions"}],"predecessor-version":[{"id":71,"href":"https:\/\/vapingcompany.it\/mi-abruzzi\/wp-json\/wp\/v2\/pages\/2\/revisions\/71"}],"wp:attachment":[{"href":"https:\/\/vapingcompany.it\/mi-abruzzi\/wp-json\/wp\/v2\/media?parent=2"}],"curies":[{"name":"wp","href":"https:\/\/api.w.org\/{rel}","templated":true}]}}