{"id":2,"date":"2024-11-29T18:20:37","date_gmt":"2024-11-29T17:20:37","guid":{"rendered":"https:\/\/vapingcompany.it\/fi-nazionale\/?page_id=2"},"modified":"2025-12-05T10:44:02","modified_gmt":"2025-12-05T09:44:02","slug":"pagina-di-esempio","status":"publish","type":"page","link":"https:\/\/vapingcompany.it\/fi-nazionale\/","title":{"rendered":"Home page"},"content":{"rendered":"\t\t<div data-elementor-type=\"wp-page\" data-elementor-id=\"2\" class=\"elementor elementor-2\" data-elementor-post-type=\"page\">\n\t\t\t\t<div class=\"elementor-element elementor-element-e78b0c9 ppx-5 my-100 e-flex e-con-boxed e-con e-parent\" data-id=\"e78b0c9\" data-element_type=\"container\">\n\t\t\t\t\t<div class=\"e-con-inner\">\n\t\t\t\t<div class=\"elementor-element elementor-element-16695ea fs-20 black lh-116 fw-800 mb-20 elementor-widget elementor-widget-heading\" data-id=\"16695ea\" data-element_type=\"widget\" data-widget_type=\"heading.default\">\n\t\t\t\t<div class=\"elementor-widget-container\">\n\t\t\t<span class=\"elementor-heading-title elementor-size-default\">Chi siamo<\/span>\t\t<\/div>\n\t\t\t\t<\/div>\n\t\t\t\t<div class=\"elementor-element elementor-element-c6f0be6 black fs-16 lh-175 elementor-widget elementor-widget-text-editor\" data-id=\"c6f0be6\" data-element_type=\"widget\" data-widget_type=\"text-editor.default\">\n\t\t\t\t<div class=\"elementor-widget-container\">\n\t\t\t\t\t\t\t<p>Mi chiamo Alessandro, e ti do il benvenuto nel mio <strong>negozio di sigarette elettroniche a Firenze<\/strong>, in <strong>Via Nazionale 51R<\/strong>. Ho scelto questa posizione perch\u00e9 \u00e8 una delle strade pi\u00f9 vive e trafficate del centro storico: <strong>collega Piazza dell&#8217;Indipendenza a Piazza della Stazione, ed \u00e8 a due passi sia dalla Stazione di Santa Maria Novella che dal Mercato Centrale.<\/strong><br \/>La posizione \u00e8 davvero strategica: siamo a pochi minuti a piedi dal Duomo, a circa 800 metri dal Ponte Vecchio, e facilmente raggiungibili anche con i mezzi pubblici. Se arrivi dalla stazione, puoi raggiungerci comodamente in una quindicina di minuti con l\u2019autobus linea 23 \u2014 la fermata \u00e8 vicinissima al negozio \u2014 oppure con una passeggiata rilassante nel cuore della citt\u00e0.<br \/>All\u2019interno del mio negozio troverai una <strong>selezione curata e sempre aggiornata di sigarette elettroniche, liquidi, pod mod, accessori e ricambi<\/strong> delle migliori marche. Ho pensato l\u2019assortimento per soddisfare <strong>sia chi si sta avvicinando per la prima volta al vaping, sia chi \u00e8 gi\u00e0 un vaper esperto alla ricerca di qualcosa di pi\u00f9 performante<\/strong> o specifico.<br \/>Quello che mi sta pi\u00f9 a cuore \u00e8 offrire un\u2019esperienza di acquisto serena, competente e personalizzata. Io stesso sono sempre presente in negozio, pronto a rispondere a ogni domanda, a dare consigli su misura e a offrire supporto tecnico se necessario. Non mi limito a vendere prodotti: voglio aiutarti a trovare la soluzione giusta per te, con onest\u00e0, passione e attenzione.<br \/>Se passi da Firenze \u2014 o se ci vivi \u2014 ti invito a venire a trovarmi in <strong>Via Nazionale 51R<\/strong>. Sar\u00e0 un piacere conoscerti, raccontarti qualcosa in pi\u00f9 sul mondo del vaping e aiutarti a scegliere il prodotto perfetto per le tue esigenze.<\/p>\t\t\t\t\t\t<\/div>\n\t\t\t\t<\/div>\n\t\t\t\t\t<\/div>\n\t\t\t\t<\/div>\n\t\t\t\t<\/div>\n\t\t","protected":false},"excerpt":{"rendered":"<p>Chi siamo Mi chiamo Alessandro, e ti do il benvenuto nel mio negozio di sigarette elettroniche a Firenze, in Via Nazionale 51R. Ho scelto questa posizione perch\u00e9 \u00e8 una delle strade pi\u00f9 vive e trafficate del centro storico: collega Piazza dell&#8217;Indipendenza a Piazza della Stazione, ed \u00e8 a due passi sia dalla Stazione di Santa [&hellip;]<\/p>\n","protected":false},"author":1,"featured_media":0,"parent":0,"menu_order":0,"comment_status":"closed","ping_status":"open","template":"","meta":{"_acf_changed":false,"inline_featured_image":false,"footnotes":""},"class_list":["post-2","page","type-page","status-publish","hentry"],"acf":[],"_links":{"self":[{"href":"https:\/\/vapingcompany.it\/fi-nazionale\/wp-json\/wp\/v2\/pages\/2","targetHints":{"allow":["GET"]}}],"collection":[{"href":"https:\/\/vapingcompany.it\/fi-nazionale\/wp-json\/wp\/v2\/pages"}],"about":[{"href":"https:\/\/vapingcompany.it\/fi-nazionale\/wp-json\/wp\/v2\/types\/page"}],"author":[{"embeddable":true,"href":"https:\/\/vapingcompany.it\/fi-nazionale\/wp-json\/wp\/v2\/users\/1"}],"replies":[{"embeddable":true,"href":"https:\/\/vapingcompany.it\/fi-nazionale\/wp-json\/wp\/v2\/comments?post=2"}],"version-history":[{"count":10,"href":"https:\/\/vapingcompany.it\/fi-nazionale\/wp-json\/wp\/v2\/pages\/2\/revisions"}],"predecessor-version":[{"id":42,"href":"https:\/\/vapingcompany.it\/fi-nazionale\/wp-json\/wp\/v2\/pages\/2\/revisions\/42"}],"wp:attachment":[{"href":"https:\/\/vapingcompany.it\/fi-nazionale\/wp-json\/wp\/v2\/media?parent=2"}],"curies":[{"name":"wp","href":"https:\/\/api.w.org\/{rel}","templated":true}]}}