{"id":2,"date":"2024-11-04T12:27:31","date_gmt":"2024-11-04T11:27:31","guid":{"rendered":"http:\/\/thevanpingcompany.local\/settimo-tse\/?page_id=2"},"modified":"2025-11-01T15:36:52","modified_gmt":"2025-11-01T14:36:52","slug":"pagina-di-esempio","status":"publish","type":"page","link":"https:\/\/vapingcompany.it\/chieri\/","title":{"rendered":"Home page"},"content":{"rendered":"\t\t<div data-elementor-type=\"wp-page\" data-elementor-id=\"2\" class=\"elementor elementor-2\" data-elementor-post-type=\"page\">\n\t\t\t\t<div class=\"elementor-element elementor-element-6abc9221 ppx-5 my-100 e-flex e-con-boxed e-con e-parent\" data-id=\"6abc9221\" data-element_type=\"container\">\n\t\t\t\t\t<div class=\"e-con-inner\">\n\t\t\t\t<div class=\"elementor-element elementor-element-57042be2 fs-20 black lh-116 fw-800 mb-20 elementor-widget elementor-widget-heading\" data-id=\"57042be2\" data-element_type=\"widget\" data-widget_type=\"heading.default\">\n\t\t\t\t<div class=\"elementor-widget-container\">\n\t\t\t<span class=\"elementor-heading-title elementor-size-default\">Chi siamo<\/span>\t\t<\/div>\n\t\t\t\t<\/div>\n\t\t\t\t<div class=\"elementor-element elementor-element-578d81c1 black fs-16 lh-175 elementor-widget elementor-widget-text-editor\" data-id=\"578d81c1\" data-element_type=\"widget\" data-widget_type=\"text-editor.default\">\n\t\t\t\t<div class=\"elementor-widget-container\">\n\t\t\t\t\t\t\t<p data-start=\"65\" data-end=\"648\">Il negozio <strong data-start=\"76\" data-end=\"108\">The Vaping Company di Chieri<\/strong>, in <strong data-start=\"113\" data-end=\"145\">Via Vittorio Emanuele II 113<\/strong>, si trova nel cuore del centro storico, lungo una delle vie principali della citt\u00e0. La posizione centrale lo rende facilmente raggiungibile a piedi, mentre per chi arriva in auto sono disponibili diversi parcheggi nelle immediate vicinanze. L\u2019area \u00e8 ben servita dai mezzi pubblici e circondata da negozi, bar e attivit\u00e0 locali, creando un ambiente dinamico e accogliente in cui il punto vendita si inserisce perfettamente come riferimento per il mondo dello svapo nella zona di <strong data-start=\"624\" data-end=\"645\">Chieri e dintorni<\/strong>.<\/p><p data-start=\"650\" data-end=\"1094\">All\u2019interno troverai un\u2019ampia gamma di <strong data-start=\"689\" data-end=\"715\">sigarette elettroniche<\/strong>, <strong data-start=\"717\" data-end=\"729\">e-liquid<\/strong>, <strong data-start=\"731\" data-end=\"752\">aromi concentrati<\/strong> e accessori delle migliori marche del settore, tra cui <strong data-start=\"808\" data-end=\"820\">Vaporart<\/strong>, <strong data-start=\"822\" data-end=\"832\">Elfbar<\/strong>, <strong data-start=\"834\" data-end=\"842\">Kiwi<\/strong>, <strong data-start=\"844\" data-end=\"856\">Geekvape<\/strong>, <strong data-start=\"858\" data-end=\"868\">Voopoo<\/strong> e molte altre. I prodotti sono selezionati per garantire qualit\u00e0, affidabilit\u00e0 e innovazione, con proposte adatte sia a chi si avvicina per la prima volta al vaping, sia agli utenti pi\u00f9 esperti in cerca delle ultime novit\u00e0.<\/p><p>\n\n<\/p><p data-start=\"1096\" data-end=\"1418\" data-is-last-node=\"\" data-is-only-node=\"\">A rendere l\u2019esperienza ancora pi\u00f9 piacevole c\u2019\u00e8 <strong data-start=\"1144\" data-end=\"1157\">Ana Maria<\/strong>, sempre disponibile, gentile e attenta alle esigenze di ogni cliente. Con la sua competenza e passione, sapr\u00e0 guidarti nella scelta del dispositivo o del liquido pi\u00f9 adatto, offrendoti un servizio attento e personalizzato in un ambiente sereno e professionale.<\/p>\t\t\t\t\t\t<\/div>\n\t\t\t\t<\/div>\n\t\t\t\t\t<\/div>\n\t\t\t\t<\/div>\n\t\t\t\t<\/div>\n\t\t","protected":false},"excerpt":{"rendered":"<p>Chi siamo Il negozio The Vaping Company di Chieri, in Via Vittorio Emanuele II 113, si trova nel cuore del centro storico, lungo una delle vie principali della citt\u00e0. La posizione centrale lo rende facilmente raggiungibile a piedi, mentre per chi arriva in auto sono disponibili diversi parcheggi nelle immediate vicinanze. L\u2019area \u00e8 ben servita [&hellip;]<\/p>\n","protected":false},"author":1,"featured_media":0,"parent":0,"menu_order":0,"comment_status":"closed","ping_status":"open","template":"","meta":{"_acf_changed":false,"inline_featured_image":false,"footnotes":""},"class_list":["post-2","page","type-page","status-publish","hentry"],"acf":[],"_links":{"self":[{"href":"https:\/\/vapingcompany.it\/chieri\/wp-json\/wp\/v2\/pages\/2","targetHints":{"allow":["GET"]}}],"collection":[{"href":"https:\/\/vapingcompany.it\/chieri\/wp-json\/wp\/v2\/pages"}],"about":[{"href":"https:\/\/vapingcompany.it\/chieri\/wp-json\/wp\/v2\/types\/page"}],"author":[{"embeddable":true,"href":"https:\/\/vapingcompany.it\/chieri\/wp-json\/wp\/v2\/users\/1"}],"replies":[{"embeddable":true,"href":"https:\/\/vapingcompany.it\/chieri\/wp-json\/wp\/v2\/comments?post=2"}],"version-history":[{"count":40,"href":"https:\/\/vapingcompany.it\/chieri\/wp-json\/wp\/v2\/pages\/2\/revisions"}],"predecessor-version":[{"id":110,"href":"https:\/\/vapingcompany.it\/chieri\/wp-json\/wp\/v2\/pages\/2\/revisions\/110"}],"wp:attachment":[{"href":"https:\/\/vapingcompany.it\/chieri\/wp-json\/wp\/v2\/media?parent=2"}],"curies":[{"name":"wp","href":"https:\/\/api.w.org\/{rel}","templated":true}]}}